{"id":391,"date":"2022-05-05T16:26:36","date_gmt":"2022-05-05T14:26:36","guid":{"rendered":"https:\/\/age-well.fk17.tu-dortmund.de\/cms\/?page_id=391"},"modified":"2024-03-13T18:19:52","modified_gmt":"2024-03-13T17:19:52","slug":"team","status":"publish","type":"page","link":"https:\/\/age-well.fk17.tu-dortmund.de\/cms\/team\/","title":{"rendered":"Team"},"content":{"rendered":"\t\t<div data-elementor-type=\"wp-page\" data-elementor-id=\"391\" class=\"elementor elementor-391\">\n\t\t\t\t\t\t<section class=\"elementor-section elementor-top-section elementor-element elementor-element-bafe4f0 elementor-section-boxed elementor-section-height-default elementor-section-height-default\" data-id=\"bafe4f0\" data-element_type=\"section\" data-e-type=\"section\">\n\t\t\t\t\t\t<div class=\"elementor-container elementor-column-gap-default\">\n\t\t\t\t\t<div class=\"elementor-column elementor-col-100 elementor-top-column elementor-element elementor-element-500833e5\" data-id=\"500833e5\" data-element_type=\"column\" data-e-type=\"column\">\n\t\t\t<div class=\"elementor-widget-wrap elementor-element-populated\">\n\t\t\t\t\t\t<div class=\"elementor-element elementor-element-7b231633 elementor-widget elementor-widget-text-editor\" data-id=\"7b231633\" data-element_type=\"widget\" data-e-type=\"widget\" data-widget_type=\"text-editor.default\">\n\t\t\t\t<div class=\"elementor-widget-container\">\n\t\t\t\t\t\t\t\t\t\n<h1 class=\"wp-block-heading\"><span style=\"text-decoration: underline;\">PRINCIPAL INVESTIGATORS<\/span><\/h1>\n\n<h3 class=\"wp-block-heading\"><strong>Martina Brandt<\/strong><br \/>Professor, Social Structure and Sociology of Ageing Societies<br \/>Institute for Sociology, TU Dortmund University<\/h3>\n\n<figure class=\"wp-block-image is-resized\"><img decoding=\"async\" style=\"width: 573px; height: auto;\" title=\"05.03.2020 TU Dortmund\" src=\"https:\/\/age-well.fk17.tu-dortmund.de\/cms\/wp-content\/uploads\/2020\/03\/020308_Portraits_2020.jpg\" alt=\"05.03.2020 TU Dortmund\" \/><br \/>Email: martina.brandt@tu-dortmund.de<\/figure>\n<figure class=\"wp-block-image is-resized\">Martina Brandt is a professor of social structure and ageing societies, and heads the Master program on &#8220;Ageing Societies&#8221; at TU Dortmund. She also chairs the 9<sup>th<\/sup>\u00a0commission on Ageing (<em>Growing Old in Germany- Potentials and Opportunities for Participation<\/em>) and is the area coordinator of the SHARE 50+ project. Her research interest include ageing, life course studies of family, health and well-being as well as social inequalities, support and policy. She is well published in journals such as Ageing &amp; Society, Social Science &amp; Medicine and the European Sociological Review. <a href=\"https:\/\/sag.sowi.tu-dortmund.de\/professur\/team\/prof-dr-martina-brandt\">More information<\/a>.\u00a0<\/figure>\n\n<h3 class=\"wp-block-heading\"><strong>Micha\u0142 Myck<br \/><\/strong>Director<br \/>Centre for Economic Analysis (CenEA)<\/h3>\n\n<figure class=\"wp-block-image is-resized\"><img decoding=\"async\" style=\"width: 575px; height: auto;\" title=\"michal_myck\" src=\"https:\/\/age-well.fk17.tu-dortmund.de\/cms\/wp-content\/uploads\/2020\/06\/michal_myck-scaled.jpg\" alt=\"michal_myck\" \/><br \/>Email: mmyck@cenea.org.pl<\/figure>\n\n<p>Micha\u0142 Myck is Director of CenEA and an incumbent Privatdozent at the Universit\u00e4t Greifswald. He is also a Research Fellow at IZA Bonn and regularly cooperates with the World Bank. From 2005 to 2017 Micha\u0142 was the Polish Country Team Leader for the Survey of Health, Ageing and Retirement in Europe (SHARE). His research focuses on modelling of labour market behaviour and the implications of labour market regulations on employment and retirement decisions. He also studies the effectiveness of tax and benefit systems and works on issues related to measurement of poverty and income inequality. Micha\u0142 is published in journals that include the American Economic Journal: Economic Policy, Labour Economics and the Journal of Health Economics. <a href=\"https:\/\/cenea.org.pl\/people\/michal-myck\/\">More information<\/a>.<\/p>\n<h1><span style=\"text-decoration: underline; font-size: 18pt;\">RESEARCH TEAM<\/span><\/h1>\n\n<h3 class=\"wp-block-heading\"><strong>Alina Schmitz<\/strong><br \/>Research Associate<br \/>Institute for Sociology, TU Dortmund University<\/h3>\n\n<figure class=\"wp-block-image is-resized\"><img decoding=\"async\" style=\"width: 583px; height: auto;\" title=\"Alina Schmitz\" src=\"https:\/\/age-well.fk17.tu-dortmund.de\/cms\/wp-content\/uploads\/2022\/02\/Alina1InstitutfurSozialforschungKopie_WEB.jpg\" alt=\"alina_schmitz\" \/><br \/>Email: alina.schmitz@tu-dortmund.de<\/figure>\n\n<p>Alina Schmitz is a research associate at the chair for Social Structure and Ageing Societies at TU Dortmund and at ISG Institute for Social Research Cologne. She researches links of social inequalities, ageing and critical life events to health and well-being. Alina is published in journals that include the Journal of Affective Disorders, BMC Public Health and Journal of Public Health. <a href=\"https:\/\/sag.sowi.tu-dortmund.de\/professur\/team\/alina-schmitz\/\">More information<\/a>.<\/p>\n\n<h3 class=\"wp-block-heading\"><strong>Artur Kr\u00f3l<\/strong><br \/>Research Economist<br \/>Centre for Economic Analysis (CenEA)<\/h3>\n\n<figure class=\"wp-block-image is-resized\"><img decoding=\"async\" style=\"width: 447px; height: auto;\" title=\"artur_kr\u00f3l\" src=\"https:\/\/age-well.fk17.tu-dortmund.de\/cms\/wp-content\/uploads\/2021\/02\/Unbenannt2.png\" alt=\"artur_krol\" \/><br \/>Email: akrol@cenea.org.pl<\/figure>\n\n<p>Artur Kr\u00f3l is a research economist at CenEA. He has a Masters in Finance and Accounting from the University of Szczecin, and a Bachelor in Dietetics from the Pomeranian Medical University. Artur&#8217;s work is centered around the Survey of Health Ageing and Retirement in Europe (SHARE).\u00a0 He also analyses gender differences in the labour market. Artur has published both policy briefs and peer-reviewed journal articles. <a href=\"https:\/\/cenea.org.pl\/people\/artur-krol\/\">More information<\/a>.\u00a0<\/p>\n\n<h3 class=\"wp-block-heading\"><strong>Claudius Garten<\/strong><br \/>Research Associate<br \/>Institute for Sociology, TU Dortmund University<\/h3>\n\n<figure class=\"wp-block-image is-resized\"><img decoding=\"async\" style=\"width: 588px; height: auto;\" title=\"05.03.2020 TU Dortmund\" src=\"https:\/\/age-well.fk17.tu-dortmund.de\/cms\/wp-content\/uploads\/2020\/03\/120308_Portraits_2020.jpg\" alt=\"05.03.2020 TU Dortmund\" \/><br \/>Email: claudius.garten@tu-dortmund.de<\/figure>\n\n<p>Claudius Garten is a research associate at the chair for Social Structure and Ageing Societies at TU Dortmund. He works on economic sociology, ageing and well-being as well as issues concerning social inequalities and policy. Claudius&#8217; previous work has been disseminated in both academic journals and policy briefs. <a href=\"https:\/\/sag.sowi.tu-dortmund.de\/professur\/team\/claudius-garten\/\">More information<\/a>.<\/p>\n\n<h3 class=\"wp-block-heading\"><strong>Ellam Kulati<\/strong><br \/>Ph.D. Scholar<br \/>Centre for Economic Analysis (CenEA)<\/h3>\n\n<figure class=\"wp-block-image is-resized\"><img decoding=\"async\" style=\"width: 427px; height: auto;\" title=\"ellam_kulati\" src=\"https:\/\/age-well.fk17.tu-dortmund.de\/cms\/wp-content\/uploads\/2021\/02\/Unbenannt.png\" alt=\"ellam_kulati\" \/><br \/>Email: ekulati@cenea.org.pl<\/figure>\n\n<p>Ellam is a Ph.D. researcher at CenEA. He is also an Economics and Finance doctoral candidate at the University of Warsaw. Ellam possesses an MA in Economics from the University of Warsaw, and graduated from University of Nairobi with a Bachelor in Economics. His research focuses on ageing, preferences and well-being. Ellam is also interested in behavioral and labour economics, as well as multidisciplinary life course approaches. <a href=\"https:\/\/cenea.org.pl\/people\/ellam-kulati\/\">More Information<\/a>.<\/p>\n\n<h3 class=\"wp-block-heading\"><strong>Monika Oczkowska<\/strong><br \/>Senior Economist<br \/>Centre for Economic Analysis (CenEA)<\/h3>\n\n<figure class=\"wp-block-image is-resized\"><img decoding=\"async\" style=\"width: 591px; height: auto;\" title=\"monika_oczkowska\" src=\"https:\/\/age-well.fk17.tu-dortmund.de\/cms\/wp-content\/uploads\/2020\/06\/monika_oczkowska-scaled.jpg\" alt=\"monika_oczkowska\" \/><br \/>Email: moczkowska@cenea.org.pl<\/figure>\n\n<p>Monika Oczkowksa is a research economist at CenEA. She also works at the Institute of Statistics and Demography of the Warsaw School of Economics (SGH). Monika has, since its inception, been involved in the Polish management of the Survey of Health, Ageing and Retirement in Europe (SHARE). Her research focuses on ageing, the labour market, social exclusion and gender inequality issues. She is published in leading journals that include the Journal of Happiness Studies, Journal of Aging and Health, and Social Science &amp; Medicine. <a href=\"https:\/\/cenea.org.pl\/people\/monika-oczkowska\/\">More information<\/a>.<\/p>\n\t\t\t\t\t\t\t\t<\/div>\n\t\t\t\t<\/div>\n\t\t\t\t\t<\/div>\n\t\t<\/div>\n\t\t\t\t\t<\/div>\n\t\t<\/section>\n\t\t\t\t<\/div>\n\t\t","protected":false},"excerpt":{"rendered":"<p>PRINCIPAL INVESTIGATORS Martina BrandtProfessor, Social Structure and Sociology of Ageing SocietiesInstitute for Sociology, TU Dortmund University Micha\u0142 MyckDirectorCentre for Economic Analysis (CenEA) Micha\u0142 Myck is Director of CenEA and an incumbent Privatdozent at the Universit\u00e4t Greifswald. He is also a Research Fellow at IZA Bonn and regularly cooperates with the World Bank. From 2005 to &hellip; <\/p>\n<p class=\"link-more\"><a href=\"https:\/\/age-well.fk17.tu-dortmund.de\/cms\/team\/\" class=\"more-link\">Continue reading<span class=\"screen-reader-text\"> &#8220;Team&#8221;<\/span><\/a><\/p>\n","protected":false},"author":1,"featured_media":0,"parent":0,"menu_order":0,"comment_status":"closed","ping_status":"closed","template":"","meta":{"footnotes":""},"class_list":["post-391","page","type-page","status-publish","hentry"],"yoast_head":"<!-- This site is optimized with the Yoast SEO plugin v27.4 - https:\/\/yoast.com\/product\/yoast-seo-wordpress\/ -->\n<title>Team - Age-Well<\/title>\n<meta name=\"description\" content=\"The team of the Age-Well project is composed of Polish (from CenEA) and German (from TU Dortmund University) scientists.\" \/>\n<meta name=\"robots\" content=\"index, follow, max-snippet:-1, max-image-preview:large, max-video-preview:-1\" \/>\n<link rel=\"canonical\" href=\"https:\/\/age-well.fk17.tu-dortmund.de\/cms\/team\/\" \/>\n<meta property=\"og:locale\" content=\"en_US\" \/>\n<meta property=\"og:type\" content=\"article\" \/>\n<meta property=\"og:title\" content=\"Team - Age-Well\" \/>\n<meta property=\"og:description\" content=\"The team of the Age-Well project is composed of Polish (from CenEA) and German (from TU Dortmund University) scientists.\" \/>\n<meta property=\"og:url\" content=\"https:\/\/age-well.fk17.tu-dortmund.de\/cms\/team\/\" \/>\n<meta property=\"og:site_name\" content=\"Age-Well\" \/>\n<meta property=\"article:modified_time\" content=\"2024-03-13T17:19:52+00:00\" \/>\n<meta property=\"og:image\" content=\"https:\/\/age-well.fk17.tu-dortmund.de\/cms\/wp-content\/uploads\/2020\/03\/020308_Portraits_2020.jpg\" \/>\n<meta name=\"twitter:card\" content=\"summary_large_image\" \/>\n<meta name=\"twitter:label1\" content=\"Est. reading time\" \/>\n\t<meta name=\"twitter:data1\" content=\"5 minutes\" \/>\n<script type=\"application\/ld+json\" class=\"yoast-schema-graph\">{\"@context\":\"https:\\\/\\\/schema.org\",\"@graph\":[{\"@type\":\"WebPage\",\"@id\":\"https:\\\/\\\/age-well.fk17.tu-dortmund.de\\\/cms\\\/team\\\/\",\"url\":\"https:\\\/\\\/age-well.fk17.tu-dortmund.de\\\/cms\\\/team\\\/\",\"name\":\"Team - Age-Well\",\"isPartOf\":{\"@id\":\"https:\\\/\\\/age-well.fk17.tu-dortmund.de\\\/cms\\\/#website\"},\"primaryImageOfPage\":{\"@id\":\"https:\\\/\\\/age-well.fk17.tu-dortmund.de\\\/cms\\\/team\\\/#primaryimage\"},\"image\":{\"@id\":\"https:\\\/\\\/age-well.fk17.tu-dortmund.de\\\/cms\\\/team\\\/#primaryimage\"},\"thumbnailUrl\":\"https:\\\/\\\/age-well.fk17.tu-dortmund.de\\\/cms\\\/wp-content\\\/uploads\\\/2020\\\/03\\\/020308_Portraits_2020.jpg\",\"datePublished\":\"2022-05-05T14:26:36+00:00\",\"dateModified\":\"2024-03-13T17:19:52+00:00\",\"description\":\"The team of the Age-Well project is composed of Polish (from CenEA) and German (from TU Dortmund University) scientists.\",\"breadcrumb\":{\"@id\":\"https:\\\/\\\/age-well.fk17.tu-dortmund.de\\\/cms\\\/team\\\/#breadcrumb\"},\"inLanguage\":\"en-US\",\"potentialAction\":[{\"@type\":\"ReadAction\",\"target\":[\"https:\\\/\\\/age-well.fk17.tu-dortmund.de\\\/cms\\\/team\\\/\"]}]},{\"@type\":\"ImageObject\",\"inLanguage\":\"en-US\",\"@id\":\"https:\\\/\\\/age-well.fk17.tu-dortmund.de\\\/cms\\\/team\\\/#primaryimage\",\"url\":\"https:\\\/\\\/age-well.fk17.tu-dortmund.de\\\/cms\\\/wp-content\\\/uploads\\\/2020\\\/03\\\/020308_Portraits_2020.jpg\",\"contentUrl\":\"https:\\\/\\\/age-well.fk17.tu-dortmund.de\\\/cms\\\/wp-content\\\/uploads\\\/2020\\\/03\\\/020308_Portraits_2020.jpg\",\"width\":1181,\"height\":787,\"caption\":\"05.03.2020 TU Dortmund\"},{\"@type\":\"BreadcrumbList\",\"@id\":\"https:\\\/\\\/age-well.fk17.tu-dortmund.de\\\/cms\\\/team\\\/#breadcrumb\",\"itemListElement\":[{\"@type\":\"ListItem\",\"position\":1,\"name\":\"Home\",\"item\":\"https:\\\/\\\/age-well.fk17.tu-dortmund.de\\\/cms\\\/\"},{\"@type\":\"ListItem\",\"position\":2,\"name\":\"Team\"}]},{\"@type\":\"WebSite\",\"@id\":\"https:\\\/\\\/age-well.fk17.tu-dortmund.de\\\/cms\\\/#website\",\"url\":\"https:\\\/\\\/age-well.fk17.tu-dortmund.de\\\/cms\\\/\",\"name\":\"Age-Well\",\"description\":\"Material Conditions and Later Life Wellbeing in Germany and Poland\",\"publisher\":{\"@id\":\"https:\\\/\\\/age-well.fk17.tu-dortmund.de\\\/cms\\\/#organization\"},\"potentialAction\":[{\"@type\":\"SearchAction\",\"target\":{\"@type\":\"EntryPoint\",\"urlTemplate\":\"https:\\\/\\\/age-well.fk17.tu-dortmund.de\\\/cms\\\/?s={search_term_string}\"},\"query-input\":{\"@type\":\"PropertyValueSpecification\",\"valueRequired\":true,\"valueName\":\"search_term_string\"}}],\"inLanguage\":\"en-US\"},{\"@type\":\"Organization\",\"@id\":\"https:\\\/\\\/age-well.fk17.tu-dortmund.de\\\/cms\\\/#organization\",\"name\":\"Age-Well\",\"url\":\"https:\\\/\\\/age-well.fk17.tu-dortmund.de\\\/cms\\\/\",\"logo\":{\"@type\":\"ImageObject\",\"inLanguage\":\"en-US\",\"@id\":\"https:\\\/\\\/age-well.fk17.tu-dortmund.de\\\/cms\\\/#\\\/schema\\\/logo\\\/image\\\/\",\"url\":\"https:\\\/\\\/age-well.fk17.tu-dortmund.de\\\/cms\\\/wp-content\\\/uploads\\\/2023\\\/03\\\/AGE-WELL-logo2.png\",\"contentUrl\":\"https:\\\/\\\/age-well.fk17.tu-dortmund.de\\\/cms\\\/wp-content\\\/uploads\\\/2023\\\/03\\\/AGE-WELL-logo2.png\",\"width\":52,\"height\":52,\"caption\":\"Age-Well\"},\"image\":{\"@id\":\"https:\\\/\\\/age-well.fk17.tu-dortmund.de\\\/cms\\\/#\\\/schema\\\/logo\\\/image\\\/\"}}]}<\/script>\n<!-- \/ Yoast SEO plugin. -->","yoast_head_json":{"title":"Team - Age-Well","description":"The team of the Age-Well project is composed of Polish (from CenEA) and German (from TU Dortmund University) scientists.","robots":{"index":"index","follow":"follow","max-snippet":"max-snippet:-1","max-image-preview":"max-image-preview:large","max-video-preview":"max-video-preview:-1"},"canonical":"https:\/\/age-well.fk17.tu-dortmund.de\/cms\/team\/","og_locale":"en_US","og_type":"article","og_title":"Team - Age-Well","og_description":"The team of the Age-Well project is composed of Polish (from CenEA) and German (from TU Dortmund University) scientists.","og_url":"https:\/\/age-well.fk17.tu-dortmund.de\/cms\/team\/","og_site_name":"Age-Well","article_modified_time":"2024-03-13T17:19:52+00:00","og_image":[{"url":"https:\/\/age-well.fk17.tu-dortmund.de\/cms\/wp-content\/uploads\/2020\/03\/020308_Portraits_2020.jpg","type":"","width":"","height":""}],"twitter_card":"summary_large_image","twitter_misc":{"Est. reading time":"5 minutes"},"schema":{"@context":"https:\/\/schema.org","@graph":[{"@type":"WebPage","@id":"https:\/\/age-well.fk17.tu-dortmund.de\/cms\/team\/","url":"https:\/\/age-well.fk17.tu-dortmund.de\/cms\/team\/","name":"Team - Age-Well","isPartOf":{"@id":"https:\/\/age-well.fk17.tu-dortmund.de\/cms\/#website"},"primaryImageOfPage":{"@id":"https:\/\/age-well.fk17.tu-dortmund.de\/cms\/team\/#primaryimage"},"image":{"@id":"https:\/\/age-well.fk17.tu-dortmund.de\/cms\/team\/#primaryimage"},"thumbnailUrl":"https:\/\/age-well.fk17.tu-dortmund.de\/cms\/wp-content\/uploads\/2020\/03\/020308_Portraits_2020.jpg","datePublished":"2022-05-05T14:26:36+00:00","dateModified":"2024-03-13T17:19:52+00:00","description":"The team of the Age-Well project is composed of Polish (from CenEA) and German (from TU Dortmund University) scientists.","breadcrumb":{"@id":"https:\/\/age-well.fk17.tu-dortmund.de\/cms\/team\/#breadcrumb"},"inLanguage":"en-US","potentialAction":[{"@type":"ReadAction","target":["https:\/\/age-well.fk17.tu-dortmund.de\/cms\/team\/"]}]},{"@type":"ImageObject","inLanguage":"en-US","@id":"https:\/\/age-well.fk17.tu-dortmund.de\/cms\/team\/#primaryimage","url":"https:\/\/age-well.fk17.tu-dortmund.de\/cms\/wp-content\/uploads\/2020\/03\/020308_Portraits_2020.jpg","contentUrl":"https:\/\/age-well.fk17.tu-dortmund.de\/cms\/wp-content\/uploads\/2020\/03\/020308_Portraits_2020.jpg","width":1181,"height":787,"caption":"05.03.2020 TU Dortmund"},{"@type":"BreadcrumbList","@id":"https:\/\/age-well.fk17.tu-dortmund.de\/cms\/team\/#breadcrumb","itemListElement":[{"@type":"ListItem","position":1,"name":"Home","item":"https:\/\/age-well.fk17.tu-dortmund.de\/cms\/"},{"@type":"ListItem","position":2,"name":"Team"}]},{"@type":"WebSite","@id":"https:\/\/age-well.fk17.tu-dortmund.de\/cms\/#website","url":"https:\/\/age-well.fk17.tu-dortmund.de\/cms\/","name":"Age-Well","description":"Material Conditions and Later Life Wellbeing in Germany and Poland","publisher":{"@id":"https:\/\/age-well.fk17.tu-dortmund.de\/cms\/#organization"},"potentialAction":[{"@type":"SearchAction","target":{"@type":"EntryPoint","urlTemplate":"https:\/\/age-well.fk17.tu-dortmund.de\/cms\/?s={search_term_string}"},"query-input":{"@type":"PropertyValueSpecification","valueRequired":true,"valueName":"search_term_string"}}],"inLanguage":"en-US"},{"@type":"Organization","@id":"https:\/\/age-well.fk17.tu-dortmund.de\/cms\/#organization","name":"Age-Well","url":"https:\/\/age-well.fk17.tu-dortmund.de\/cms\/","logo":{"@type":"ImageObject","inLanguage":"en-US","@id":"https:\/\/age-well.fk17.tu-dortmund.de\/cms\/#\/schema\/logo\/image\/","url":"https:\/\/age-well.fk17.tu-dortmund.de\/cms\/wp-content\/uploads\/2023\/03\/AGE-WELL-logo2.png","contentUrl":"https:\/\/age-well.fk17.tu-dortmund.de\/cms\/wp-content\/uploads\/2023\/03\/AGE-WELL-logo2.png","width":52,"height":52,"caption":"Age-Well"},"image":{"@id":"https:\/\/age-well.fk17.tu-dortmund.de\/cms\/#\/schema\/logo\/image\/"}}]}},"jetpack_sharing_enabled":true,"_links":{"self":[{"href":"https:\/\/age-well.fk17.tu-dortmund.de\/cms\/wp-json\/wp\/v2\/pages\/391","targetHints":{"allow":["GET"]}}],"collection":[{"href":"https:\/\/age-well.fk17.tu-dortmund.de\/cms\/wp-json\/wp\/v2\/pages"}],"about":[{"href":"https:\/\/age-well.fk17.tu-dortmund.de\/cms\/wp-json\/wp\/v2\/types\/page"}],"author":[{"embeddable":true,"href":"https:\/\/age-well.fk17.tu-dortmund.de\/cms\/wp-json\/wp\/v2\/users\/1"}],"replies":[{"embeddable":true,"href":"https:\/\/age-well.fk17.tu-dortmund.de\/cms\/wp-json\/wp\/v2\/comments?post=391"}],"version-history":[{"count":98,"href":"https:\/\/age-well.fk17.tu-dortmund.de\/cms\/wp-json\/wp\/v2\/pages\/391\/revisions"}],"predecessor-version":[{"id":966,"href":"https:\/\/age-well.fk17.tu-dortmund.de\/cms\/wp-json\/wp\/v2\/pages\/391\/revisions\/966"}],"wp:attachment":[{"href":"https:\/\/age-well.fk17.tu-dortmund.de\/cms\/wp-json\/wp\/v2\/media?parent=391"}],"curies":[{"name":"wp","href":"https:\/\/api.w.org\/{rel}","templated":true}]}}