{"id":32,"date":"2020-03-11T11:18:13","date_gmt":"2020-03-11T10:18:13","guid":{"rendered":"http:\/\/age-well.fk17.tu-dortmund.de\/cms\/?page_id=32"},"modified":"2025-05-06T12:34:03","modified_gmt":"2025-05-06T10:34:03","slug":"outreach","status":"publish","type":"page","link":"https:\/\/age-well.fk17.tu-dortmund.de\/cms\/outreach\/","title":{"rendered":"Outreach"},"content":{"rendered":"\n<h1>\n\t\tConferences and seminars\n\t<\/h1>\n<h2>\n\t\t2024\n\t<\/h2>\n\t<p><strong>Monika Oczkowska<\/strong> (&amp; Ellam Kulati, Micha\u0142 Myck): <em>Income and well-being in old age: the role of local contextual factors<\/em>, BICEPS\/SSE Riga (Baltic International Centre for Economic Policy Studies\/Stockholm School of Economics in Riga), 28.03.2024, Riga, Latvia<\/p>\n<p><strong>Monika Oczkowska<\/strong> (&amp; Ellam Kulati, Micha\u0142 Myck): <em>Income and well-being in old age: the role of local contextual factors<\/em>, Centrum Ewaluacji i Analiz Polityk Publicznych, Uniwersytet Jagiello\u0144ski, 31.01.2024, Krak\u00f3w, Poland<\/p>\n<p><strong>Monika Oczkowska<\/strong> (&amp; Ellam Kulati, Micha\u0142 Myck): <em>Income and well-being in old age: the role of local contextual factors<\/em>, the International Interdisciplinary Conference on Wellbeing, Public Policies and Sustainable Development, 26.01.2024, Paris, France<\/p>\n<p><strong>Monika Oczkowska<\/strong> (&amp; Ellam Kulati, Micha\u0142 Myck): <em>Income and well-being in old age: the role of local contextual factors<\/em>, Laboratoire d&#8217;Economie de Dauphine (LEDA-LEGOS), Universit\u00e9 Paris-Dauphine, 25.01.2024, Paris, France<\/p>\n<p><strong>Monika Oczkowska<\/strong> (&amp; Ellam Kulati, Micha\u0142 Myck): <em>Income and well-being in old age: the role of local contextual factors<\/em>, Irish Centre for Social Gerontology University of Galway, 17.01.2024, Galway, Ireland<\/p>\n<p><strong>Monika Oczkowska<\/strong> (&amp; Ellam Kulati, Micha\u0142 Myck): <em>Income and well-being in old age: the role of local contextual factors<\/em>, HEC Li\u00e8ge &#8211; School of Management of the University of Li\u00e8ge, 11.01.2024, Li\u00e8ge, Belgium<\/p>\n<p><strong>Monika Oczkowska<\/strong> (&amp; Ellam Kulati, Micha\u0142 Myck): <em>Income and well-being in old age: the role of local contextual factors<\/em>, Sozialstruktur und Soziologie alternder Gesellschaften Technische Universit\u00e4t Dortmund, 10.01.2024, Dortmund, Germany<\/p>\n<h2>\n\t\t2023\n\t<\/h2>\n\t<p><strong>Monika Oczkowska<\/strong> (&amp; Ellam Kulati, Micha\u0142 Myck): <em>Income and well-being in old age: the role of local contextual factors<\/em>, the Gerontological Society of America Annual Meeting, 08.11.2023, Tampa, USA<\/p>\n<p><b>(<\/b>Martina Brandt, Alina Schmitz): <em>Inequalities in old age well-being: The role of regional depopulation, social and material conditions<\/em>, the Gerontological Society of America Annual Meeting, 08.11.2023, Tampa, USA, presented by <strong>Marja Aartsen<\/strong><\/p>\n<p><strong>Monika Oczkowska<\/strong> (&amp; Ellam Kulati, Micha\u0142 Myck): <em>Income and well-being in old age: the role of local contextual factors<\/em>, the 8th International Workshop on the Socio-Economics of Ageing, 13.10.2023, Lisbon, Portugal<\/p>\n<p><strong>Monika Oczkowska<\/strong> (&amp; Ellam Kulati, Micha\u0142 Myck):<em> Income and well-being in old age: the role of local contextual factors<\/em>, Educa\u00e7\u00e3o Social Gerontol\u00f3gica, Instituto Politecnico de Viana do Castelo, 09.10.2023, Portugal<\/p>\n<p><strong>Monika Oczkowska<\/strong> (&amp; Ellam Kulati, Micha\u0142 Myck): <em>Income and well-being in old age: the role of local contextual factors<\/em>, Instituto de Ci\u00eancias Sociais, Universidade do Minho, 06.10.2023, Braga, Portugal<\/p>\n<p><strong>Ellam Kulati<\/strong> (&amp; Micha\u0142 Myck, Monika Oczkowska): <em>Income and well-being in old age: the role of local contextual factors<\/em>, FREE Network Retreat, 09.09.2023, Visby, Sweden<\/p>\n<p><strong>Ellam Kulati<\/strong>: <em>Ageing and Urban Demand for Existing Homes<\/em>, Housing Studies Association annual conference, 29-31.03.2023<\/p>\n\t<strong>Project Completion Conference &#8211;<br \/>\nInternational conference under the honorary auspices of the Marshall of West Pomeranian Voivodeship<br \/>\n<\/strong>Demographic changes in Europe in a regional perspective: challenges and opportunities for social policy<br \/>\n28.03.2023, Szczecin, Poland<br \/>\nMore information:<a href=\"https:\/\/age-well.fk17.tu-dortmund.de\/cms\/wp-content\/uploads\/2023\/03\/Program_konferencji_28.03.2023.pdf\"> Conference program<\/a>, <a href=\"https:\/\/cenea.org.pl\/pl\/wydarzenia\/zmiany-demograficzne-w-europie-w-perspektywie-regionow-wyzwania-i-szanse-dla-polityki-spolecznej\/\">CenEA website<\/a>, <a href=\"https:\/\/www.wzp.pl\/biuro-prasowe\/biuro-prasowe\/aktualnosci\/age-well-ale-jak-miedzynarodowa-konferencja-dotyczaca-zmian-demograficznych\">Marshal&#8217;s Office of the West Pomeranian Voivodeship<\/a><br \/>\n<strong>Martina Brandt<\/strong>: <em>Inequalities in care and well-being across Europe<br \/>\n<\/em><strong>Claudius Garten<\/strong>: <em>Home ownership and the perception of material security in old age<br \/>\n<\/em><strong>Alina Schmitz<\/strong>: <em>Social inequalities in well-being: the role of regional depopulation and care infrastructure<br \/>\n<\/em><strong>Monika Oczkowska<\/strong>: <em>Regional disparities in ageing, quality of life and social infrastructure: a Polish-German comparison<br \/>\n<\/em><strong>Micha\u0142 Myck<\/strong>: <em>AGE-WELL project: research on individual and regional aspects of ageing<\/em>\n\t<p><strong>Ellam Kulati<\/strong>: <em>Ageing and Urban Demand for Existing Homes<\/em>, research seminar BICEPS\/SSE Riga (Baltic International Centre for Economic Policy Studies\/Stockholm School of Economics in Riga), 16.02.2023, Riga, Latvia<\/p>\n<h2>\n\t\t2022\n\t<\/h2>\n\t<p><strong>Monika Oczkowska <\/strong>(&amp; Claudius Garten, Micha\u0142 Myck): <em>Homeownership and the perception of material security in old age<\/em>, SHARE User Conference: Ageing Societies Facing Health, Social and Economic Crises, 06.10.2022, Bled, Slovenia<\/p>\n<p><strong>Claudius Garten<\/strong> (&amp; Martina Brandt): <em>Subjective well-being, public pensions and retirement entry in Europe,<\/em>\u00a0SHARE User Conference 05-07.10.2022, Bled, Slovenia.<\/p>\n<p><strong>Ellam Kulati<\/strong>: <em>Ageing and Urban Demand for Existing Homes<\/em>, University of Warsaw&#8217;s faculty of economic sciences (WNE UW) conference, 29.09. &#8211; 01.10.2022, Warsaw, Poland<\/p>\n<p><strong>Alina Schmitz<\/strong><strong>\u00a0<\/strong>(&amp; Martina Brandt): <em>Ungleichheiten im Wohlbefinden in der zweiten Lebensh\u00e4lfte: Der Beitrag von sozialer Teilhabe, materiellen Bedingungen und regionalen Charakteristika<\/em>, Deutsche Gesellschaft f\u00fcr Soziologie 26-30.09.2022, Bielefeld, Germany.<\/p>\n<p><strong>Claudius Garten<\/strong>: <em>Subjektives Wohlbefinden und Renteneinkommen in Europa<\/em>, IfG-Tagung 01.09.2022, Vechta, Germany.<\/p>\n<p><strong>Claudius Garten <\/strong>(&amp; Martina Brandt): <em>Subjective well-being and the role of public pensions supporting low-income households in Europe<\/em>, ESA RN01 Midterm Conference 13-15.07.2022, Vienna, Austria.<\/p>\n<p><strong>Alina Schmitz <\/strong>(&amp; Martina Brandt): <em>Inequalities in old age wellbeing in Germany and Poland: The role of social integration, material conditions and regional factors<\/em>, European Population Conference 29.06.2022 &#8211; 02.07.2022, Groeningen, Netherlands.<\/p>\n<p><strong>Monika Oczkowska <\/strong>(&amp; Claudius Garten, Micha\u0142 Myck): <em>Homeownership and the perception of material security in old age<\/em>, Warsaw International Economic Meeting WIEM, 30.06.2022, Warsaw, Poland<\/p>\n<p><strong>Ellam Kulati<\/strong>: <em>Demographic ageing and demand for existing homes<\/em>, 17th Warsaw International Economic Meeting (WIEM) 27-30.06.2022, Warsaw, Poland<\/p>\n<p><strong>Ellam Kulati<\/strong>: <em>Demographic ageing and demand for existing homes,<\/em> (Ce)^2 workshop organized by the Centre for Economic Analysis (CenEA, Poland) and the Centre for Microdata Methods and Practice (CeMMAP, UK), 27-28.06.2022 Warsaw, Poland<\/p>\n<p><strong>Monika Oczkowska <\/strong>(&amp; Micha\u0142 Myck, Claudius Garten, Artur Kr\u00f3l, Martina Brandt): <em>Deaths during the first year of the COVID-19 pandemic: insights from regional patterns in Germany and Poland<\/em>, (Ce)^2 Workshop 2022, 27.06.2022, Warsaw, Poland<\/p>\n<p><strong>Monika Oczkowska <\/strong>(&amp; Micha\u0142 Myck, Claudius Garten, Artur Kr\u00f3l, Martina Brandt): <em>Deaths during the first year of the COVID-19 pandemic: insights from regional patterns in Germany and Poland<\/em>, XVI World Conference of Spatial Econometrics Association SEA 2022, 24.06.2022, Warsaw, Poland<\/p>\n<p><strong>Alina Schmitz <\/strong>(&amp; Martina Brandt): <em>Inequalities in old age wellbeing in Germany and Poland: Does depopulation affect wellbeing in older ages? The role of social integration and material conditions<\/em>, Nordic Congress of Gerontology 08-10.06.2022, Odense, Denmark<\/p>\n<p><strong>Ellam Kulati<\/strong>: <em>Demographic ageing and housing demand: Evidence from residential turnover in Polish metropolises<\/em>, Nordic Congress of Gerontology 08-10.06.2022, Odense, Denmark<\/p>\n<p><strong>Monika Oczkowska <\/strong>(&amp; Claudius Garten, Micha\u0142 Myck): <em>Homeownership and the perception of material security in old age<\/em>, Well-being 2022: Knowledge for informed decisions, 03.06.2022, Luxembourg<\/p>\n<p><strong>Ellam Kulati<\/strong>: <em>Ageing and Urban Demand for Existing Homes<\/em>, Warsaw Economic Seminars, 26.05.2022, Warsaw, Poland<\/p>\n<p><strong>Ellam Kulati <\/strong>(&amp; Micha\u0142 Myck, Giacomo Pasini):\u00a0 <em>Temporal discounting in later life<\/em>, Augustin Cournot Doctoral Days (ACDD) 23-24.05.2022, Strasbourg, France<\/p>\n<p><strong>Ellam Kulati<\/strong>: <em>Ageing and Urban Demand for Existing Homes<\/em>, an academic seminar organized by CenEA with doctoral students, 10.03.2022, Szczecin, Poland<\/p>\n<h2>\n\t\t2021\n\t<\/h2>\n\t<p><strong>Alina\u00a0 Schmitz <\/strong>(&amp; Martina Brandt):<em>\u00a0Inequalities in well-being in Europe&#8217;s older population: What role does care infrastructure play at regional level?<\/em>, DGMP\/DGMS Kongress 16.09.2021 &#8211; 17.09.2021, Online (<a href=\"https:\/\/dgmp-dgms-2021.de\/\">More information)<\/a><\/p>\n<p><strong>Claudius Garten\u00a0<\/strong>(&amp; Micha\u0142 Myck, Monika Oczkowska): <em>Homeownership and Material Security in Old Age<\/em>, ESA Conference in Barcelona 31.08.2021 &#8211; 03.09.2021, Online<\/p>\n<p><strong>Ellam Kulati<\/strong>: <em>Temporal discounting in later life<\/em>, 28th Subjective Probability Utility and Decision-Making Conference (SPUDM) 22-24.08.2021, Online<\/p>\n<p><strong>Ellam Kulati<\/strong><em>: Temporal discounting in later life<\/em>, 16th Warsaw International Economic Meeting (WIEM) 24-25.06.2021, Online<\/p>\n<p><strong>Ellam Kulati<\/strong>: <em>Temporal discounting in later life<\/em>, 3rd Baltic Economic Conference 07-08.06.2021, Online<\/p>\n<p><strong>Claudius Garten<\/strong>\u00a0 (&amp; Micha\u0142 Myck, Monika Oczkowska): <em>Homeownership and Material Security in Old Age<\/em>, NKG 25th Nordic Gerontology Congress 02-04.06.2021, Online<\/p>\n<p><strong>Claudius Garten<\/strong> (&amp; Martina Brandt, Micha\u0142 Myck, Monika Oczkowska, Alina Schmitz):<em>\u00a0Old-age provision, social protection and subjective health; Session: Health Research in International Perspective. Part I: Focus on individual level<\/em>, IV ISA Forum of Sociology 23-28.02.2021, Online<\/p>\n<p><strong>Monika Oczkowska <\/strong>(&amp; Claudius Garten, Micha\u0142 Myck): <em>Homeownership and material security in older age<\/em> (Garten; Myck; Oczkowska), FREE Network Retreat 23.09.2021, Online<\/p>\n<p><strong>Ellam Kulati<\/strong>: <em>Demographic Ageing and Housing Turnover: Evidence from Owner\u2011Occupied Homes in Polish Metropolises<\/em>, FREE Network Retreat, 23.09.2021, Online<\/p>\n<p><strong>Alina Schmitz <\/strong>(&amp; Martina Brandt): <em><a href=\"https:\/\/www.youtube.com\/watch?v=5n65WlNa9Ww&amp;t=180s\">Health limitations, regional care infrastructure and wellbeing in later life: A multilevel analysis of European NUTS-2-regions<\/a><\/em>\u00a0, FROGEE Workshop on Dimensions of Well-Being 18.06.2021, Online (<a href=\"https:\/\/www.hhs.se\/en\/about-us\/news\/site-publications\/publications\/2021\/the-covid-19-pandemic-effects-on-our-well-being\/\">Policy Brief<\/a>)<\/p>\n<p><strong>Claudius Garten <\/strong>(&amp; Micha\u0142 Myck, Monika Oczkowska):<em>\u00a0<a href=\"https:\/\/www.youtube.com\/watch?v=5n65WlNa9Ww&amp;t=180s\">Homeownership<\/a><a href=\"https:\/\/www.youtube.com\/watch?v=5n65WlNa9Ww&amp;t=180s\">\u00a0and Material Security in Old Age<\/a>\u00a0<\/em>(Garten; Myck; Oczkowska), FROGEE Workshop on Dimensions of Well-Being 18.06.2021, Online (<a href=\"https:\/\/www.hhs.se\/en\/about-us\/news\/site-publications\/publications\/2021\/the-covid-19-pandemic-effects-on-our-well-being\/\">Policy Brief<\/a>)<\/p>\n<h2>\n\t\t2020\n\t<\/h2>\n\t<p><strong>Micha\u0142 Myck<\/strong>\u00a0(&amp; Martina Brandt, Claudius Garten, Monika Oczkowska, Alina Schmitz): <em>Material Conditions and Well-Being in Old Age: the Role of Contextual Factors at Regional Level; Session: Social Exclusion and Material Disadvantage: Housing, Poverty, and Living Standards Impacts<\/em>,\u00a0<a href=\"https:\/\/www.eventscribe.net\/2020\/GSAAnnual\/index.asp?\">GSA Annual Scientific Meeting<\/a>\u00a004-08.11.2020, online<\/p>\n<p><strong>Alina\u00a0 Schmitz <\/strong>(&amp; Claudius Garten): <em>Ungleichheiten im Wohlbefinden in Europas \u00e4lterer Bev\u00f6lkerung. Materielle Ressourcen und soziale Sicherungsmechanismen<\/em>\u00a0(Schmitz; Garten) Session \u201eAktuelle soziologische Beitr\u00e4ge an der Schnittstelle von Gesundheits- und Sozialpolitikforschung&#8221;, DGS Kongress 14-24.09.2020, online<\/p>\n<p>&#8220;<em>Social Exclusion and Material Disadvantage: Housing, Poverty, and Living Standards Impacts<\/em>&#8221; session in the Ollie Randall Symposium of the GSA Annual Scientific Meeting Program 2020.<\/p>\n<h1>\n\t\tTeam meetings\n\t<\/h1>\n\t<p>Szczecin, 27-28.03.2023<\/p>\n<p>Dortmund, 21-23.11.2022<\/p>\n<p>Berlin, 28-29.04.2022<\/p>\n<p>Szczecin, 10.03.2022<\/p>\n<p>Online, 11.2021<\/p>\n<p>Berlin, 27-28.09.2021<\/p>\n<p>Hybrid, 06.2021<\/p>\n<p>Online, 05.2021<\/p>\n<p>Online, 03.2021<\/p>\n<p>Online, 01.2021<\/p>\n<p>Online, 12.2020<\/p>\n<p>Online, 09.2020<\/p>\n<p>Online, 05.2020<\/p>\n<p>Online, 03.2020<\/p>\n\n","protected":false},"excerpt":{"rendered":"<p>Conferences and seminars 2024 Monika Oczkowska (&amp; Ellam Kulati, Micha\u0142 Myck): Income and well-being in old age: the role of local contextual factors, BICEPS\/SSE Riga (Baltic International Centre for Economic Policy Studies\/Stockholm School of Economics in Riga), 28.03.2024, Riga, Latvia Monika Oczkowska (&amp; Ellam Kulati, Micha\u0142 Myck): Income and well-being in old age: the role &hellip; <\/p>\n<p class=\"link-more\"><a href=\"https:\/\/age-well.fk17.tu-dortmund.de\/cms\/outreach\/\" class=\"more-link\">Continue reading<span class=\"screen-reader-text\"> &#8220;Outreach&#8221;<\/span><\/a><\/p>\n","protected":false},"author":1,"featured_media":0,"parent":0,"menu_order":0,"comment_status":"closed","ping_status":"closed","template":"","meta":{"footnotes":""},"class_list":["post-32","page","type-page","status-publish","hentry"],"yoast_head":"<!-- This site is optimized with the Yoast SEO plugin v27.3 - https:\/\/yoast.com\/product\/yoast-seo-wordpress\/ -->\n<title>Outreach - Age-Well<\/title>\n<meta name=\"description\" content=\"Outreach by the Age-well project team at different conferences, meetings and seminars. Upcoming and Past dates.\" \/>\n<meta name=\"robots\" content=\"index, follow, max-snippet:-1, max-image-preview:large, max-video-preview:-1\" \/>\n<link rel=\"canonical\" href=\"https:\/\/age-well.fk17.tu-dortmund.de\/cms\/outreach\/\" \/>\n<meta property=\"og:locale\" content=\"en_US\" \/>\n<meta property=\"og:type\" content=\"article\" \/>\n<meta property=\"og:title\" content=\"Outreach - Age-Well\" \/>\n<meta property=\"og:description\" content=\"Outreach by the Age-well project team at different conferences, meetings and seminars. Upcoming and Past dates.\" \/>\n<meta property=\"og:url\" content=\"https:\/\/age-well.fk17.tu-dortmund.de\/cms\/outreach\/\" \/>\n<meta property=\"og:site_name\" content=\"Age-Well\" \/>\n<meta property=\"article:modified_time\" content=\"2025-05-06T10:34:03+00:00\" \/>\n<meta name=\"twitter:card\" content=\"summary_large_image\" \/>\n<meta name=\"twitter:label1\" content=\"Est. reading time\" \/>\n\t<meta name=\"twitter:data1\" content=\"6 minutes\" \/>\n<script type=\"application\/ld+json\" class=\"yoast-schema-graph\">{\"@context\":\"https:\\\/\\\/schema.org\",\"@graph\":[{\"@type\":\"WebPage\",\"@id\":\"https:\\\/\\\/age-well.fk17.tu-dortmund.de\\\/cms\\\/outreach\\\/\",\"url\":\"https:\\\/\\\/age-well.fk17.tu-dortmund.de\\\/cms\\\/outreach\\\/\",\"name\":\"Outreach - Age-Well\",\"isPartOf\":{\"@id\":\"https:\\\/\\\/age-well.fk17.tu-dortmund.de\\\/cms\\\/#website\"},\"datePublished\":\"2020-03-11T10:18:13+00:00\",\"dateModified\":\"2025-05-06T10:34:03+00:00\",\"description\":\"Outreach by the Age-well project team at different conferences, meetings and seminars. Upcoming and Past dates.\",\"breadcrumb\":{\"@id\":\"https:\\\/\\\/age-well.fk17.tu-dortmund.de\\\/cms\\\/outreach\\\/#breadcrumb\"},\"inLanguage\":\"en-US\",\"potentialAction\":[{\"@type\":\"ReadAction\",\"target\":[\"https:\\\/\\\/age-well.fk17.tu-dortmund.de\\\/cms\\\/outreach\\\/\"]}]},{\"@type\":\"BreadcrumbList\",\"@id\":\"https:\\\/\\\/age-well.fk17.tu-dortmund.de\\\/cms\\\/outreach\\\/#breadcrumb\",\"itemListElement\":[{\"@type\":\"ListItem\",\"position\":1,\"name\":\"Home\",\"item\":\"https:\\\/\\\/age-well.fk17.tu-dortmund.de\\\/cms\\\/\"},{\"@type\":\"ListItem\",\"position\":2,\"name\":\"Outreach\"}]},{\"@type\":\"WebSite\",\"@id\":\"https:\\\/\\\/age-well.fk17.tu-dortmund.de\\\/cms\\\/#website\",\"url\":\"https:\\\/\\\/age-well.fk17.tu-dortmund.de\\\/cms\\\/\",\"name\":\"Age-Well\",\"description\":\"Material Conditions and Later Life Wellbeing in Germany and Poland\",\"publisher\":{\"@id\":\"https:\\\/\\\/age-well.fk17.tu-dortmund.de\\\/cms\\\/#organization\"},\"potentialAction\":[{\"@type\":\"SearchAction\",\"target\":{\"@type\":\"EntryPoint\",\"urlTemplate\":\"https:\\\/\\\/age-well.fk17.tu-dortmund.de\\\/cms\\\/?s={search_term_string}\"},\"query-input\":{\"@type\":\"PropertyValueSpecification\",\"valueRequired\":true,\"valueName\":\"search_term_string\"}}],\"inLanguage\":\"en-US\"},{\"@type\":\"Organization\",\"@id\":\"https:\\\/\\\/age-well.fk17.tu-dortmund.de\\\/cms\\\/#organization\",\"name\":\"Age-Well\",\"url\":\"https:\\\/\\\/age-well.fk17.tu-dortmund.de\\\/cms\\\/\",\"logo\":{\"@type\":\"ImageObject\",\"inLanguage\":\"en-US\",\"@id\":\"https:\\\/\\\/age-well.fk17.tu-dortmund.de\\\/cms\\\/#\\\/schema\\\/logo\\\/image\\\/\",\"url\":\"https:\\\/\\\/age-well.fk17.tu-dortmund.de\\\/cms\\\/wp-content\\\/uploads\\\/2023\\\/03\\\/AGE-WELL-logo2.png\",\"contentUrl\":\"https:\\\/\\\/age-well.fk17.tu-dortmund.de\\\/cms\\\/wp-content\\\/uploads\\\/2023\\\/03\\\/AGE-WELL-logo2.png\",\"width\":52,\"height\":52,\"caption\":\"Age-Well\"},\"image\":{\"@id\":\"https:\\\/\\\/age-well.fk17.tu-dortmund.de\\\/cms\\\/#\\\/schema\\\/logo\\\/image\\\/\"}}]}<\/script>\n<!-- \/ Yoast SEO plugin. -->","yoast_head_json":{"title":"Outreach - Age-Well","description":"Outreach by the Age-well project team at different conferences, meetings and seminars. Upcoming and Past dates.","robots":{"index":"index","follow":"follow","max-snippet":"max-snippet:-1","max-image-preview":"max-image-preview:large","max-video-preview":"max-video-preview:-1"},"canonical":"https:\/\/age-well.fk17.tu-dortmund.de\/cms\/outreach\/","og_locale":"en_US","og_type":"article","og_title":"Outreach - Age-Well","og_description":"Outreach by the Age-well project team at different conferences, meetings and seminars. Upcoming and Past dates.","og_url":"https:\/\/age-well.fk17.tu-dortmund.de\/cms\/outreach\/","og_site_name":"Age-Well","article_modified_time":"2025-05-06T10:34:03+00:00","twitter_card":"summary_large_image","twitter_misc":{"Est. reading time":"6 minutes"},"schema":{"@context":"https:\/\/schema.org","@graph":[{"@type":"WebPage","@id":"https:\/\/age-well.fk17.tu-dortmund.de\/cms\/outreach\/","url":"https:\/\/age-well.fk17.tu-dortmund.de\/cms\/outreach\/","name":"Outreach - Age-Well","isPartOf":{"@id":"https:\/\/age-well.fk17.tu-dortmund.de\/cms\/#website"},"datePublished":"2020-03-11T10:18:13+00:00","dateModified":"2025-05-06T10:34:03+00:00","description":"Outreach by the Age-well project team at different conferences, meetings and seminars. Upcoming and Past dates.","breadcrumb":{"@id":"https:\/\/age-well.fk17.tu-dortmund.de\/cms\/outreach\/#breadcrumb"},"inLanguage":"en-US","potentialAction":[{"@type":"ReadAction","target":["https:\/\/age-well.fk17.tu-dortmund.de\/cms\/outreach\/"]}]},{"@type":"BreadcrumbList","@id":"https:\/\/age-well.fk17.tu-dortmund.de\/cms\/outreach\/#breadcrumb","itemListElement":[{"@type":"ListItem","position":1,"name":"Home","item":"https:\/\/age-well.fk17.tu-dortmund.de\/cms\/"},{"@type":"ListItem","position":2,"name":"Outreach"}]},{"@type":"WebSite","@id":"https:\/\/age-well.fk17.tu-dortmund.de\/cms\/#website","url":"https:\/\/age-well.fk17.tu-dortmund.de\/cms\/","name":"Age-Well","description":"Material Conditions and Later Life Wellbeing in Germany and Poland","publisher":{"@id":"https:\/\/age-well.fk17.tu-dortmund.de\/cms\/#organization"},"potentialAction":[{"@type":"SearchAction","target":{"@type":"EntryPoint","urlTemplate":"https:\/\/age-well.fk17.tu-dortmund.de\/cms\/?s={search_term_string}"},"query-input":{"@type":"PropertyValueSpecification","valueRequired":true,"valueName":"search_term_string"}}],"inLanguage":"en-US"},{"@type":"Organization","@id":"https:\/\/age-well.fk17.tu-dortmund.de\/cms\/#organization","name":"Age-Well","url":"https:\/\/age-well.fk17.tu-dortmund.de\/cms\/","logo":{"@type":"ImageObject","inLanguage":"en-US","@id":"https:\/\/age-well.fk17.tu-dortmund.de\/cms\/#\/schema\/logo\/image\/","url":"https:\/\/age-well.fk17.tu-dortmund.de\/cms\/wp-content\/uploads\/2023\/03\/AGE-WELL-logo2.png","contentUrl":"https:\/\/age-well.fk17.tu-dortmund.de\/cms\/wp-content\/uploads\/2023\/03\/AGE-WELL-logo2.png","width":52,"height":52,"caption":"Age-Well"},"image":{"@id":"https:\/\/age-well.fk17.tu-dortmund.de\/cms\/#\/schema\/logo\/image\/"}}]}},"jetpack_sharing_enabled":true,"_links":{"self":[{"href":"https:\/\/age-well.fk17.tu-dortmund.de\/cms\/wp-json\/wp\/v2\/pages\/32","targetHints":{"allow":["GET"]}}],"collection":[{"href":"https:\/\/age-well.fk17.tu-dortmund.de\/cms\/wp-json\/wp\/v2\/pages"}],"about":[{"href":"https:\/\/age-well.fk17.tu-dortmund.de\/cms\/wp-json\/wp\/v2\/types\/page"}],"author":[{"embeddable":true,"href":"https:\/\/age-well.fk17.tu-dortmund.de\/cms\/wp-json\/wp\/v2\/users\/1"}],"replies":[{"embeddable":true,"href":"https:\/\/age-well.fk17.tu-dortmund.de\/cms\/wp-json\/wp\/v2\/comments?post=32"}],"version-history":[{"count":112,"href":"https:\/\/age-well.fk17.tu-dortmund.de\/cms\/wp-json\/wp\/v2\/pages\/32\/revisions"}],"predecessor-version":[{"id":958,"href":"https:\/\/age-well.fk17.tu-dortmund.de\/cms\/wp-json\/wp\/v2\/pages\/32\/revisions\/958"}],"wp:attachment":[{"href":"https:\/\/age-well.fk17.tu-dortmund.de\/cms\/wp-json\/wp\/v2\/media?parent=32"}],"curies":[{"name":"wp","href":"https:\/\/api.w.org\/{rel}","templated":true}]}}